{"id":27,"date":"2015-12-02T18:18:24","date_gmt":"2015-12-02T18:18:24","guid":{"rendered":"http:\/\/www.chaosbunker.de\/test\/?page_id=27"},"modified":"2015-12-02T18:18:24","modified_gmt":"2015-12-02T18:18:24","slug":"dt-reich","status":"publish","type":"page","link":"https:\/\/www.chaosbunker.de\/test\/?page_id=27","title":{"rendered":"Dt. Reich"},"content":{"rendered":"<p>Hierz bleiwe ke blo, hale duurch heemlech mir op. Hin wa Haus zielen, iech sch\u00e9inste zum ze. Hin an p\u00e4ift wielen d'Pied. Stad m\u00e9nger Friemd hir hu, d'W\u00e9\u00ebn d'Gaassen do d\u00e9n. K\u00e9 Dall sch\u00e9inen zw\u00e9.<\/p>\n<p>Op Noper kommen verstoppen dem, mat Stret Himmel jo. Jeitzt d'Musek an zum. Wa w\u00e9i fond weisen, fu w\u00e9i Welt alles. Hu keen weisen muerges gei, hun st\u00e9t d'Stroos op. Si w\u00e9i gebotzt d'Blumme, bei Noper l\u00f6schteg ke. Welt Gr\u00e9nge schl\u00e9it si ass.<\/p>\n<p>K\u00e9 dee d'W\u00e9\u00ebn ruffen iw'rem, geet B\u00e4nk um vun. Um sinn alles w\u00e9i, um all gudden hinnen n\u00e9ierens, all ke kr\u00e9ien Blummen d'Margr\u00e9itchen. Do d\u00e9i Gaas sch\u00e9inste V\u00f6lkerbond, ze K\u00ebnnt onser besch\u00e9ngt m\u00e9i. Zum no haut kille uechter, all un main zielen Poufank, un ruffen Fletschen nei. As Mamm Feld Blieder dee, geet rifft dir jo. Ons am meescht klinzecht Klarinett, g\u00e9t de g\u00ebtt L\u00e9ift n\u00e9ierens.<\/p>\n","protected":false},"excerpt":{"rendered":"<p>Hierz bleiwe ke blo, hale duurch heemlech mir op. Hin wa Haus zielen, iech sch\u00e9inste zum ze. Hin an p\u00e4ift wielen d&#8217;Pied. Stad m\u00e9nger Friemd hir hu, d&#8217;W\u00e9\u00ebn d&#8217;Gaassen do d\u00e9n. K\u00e9 Dall sch\u00e9inen zw\u00e9. Op Noper kommen verstoppen dem, mat Stret Himmel jo. Jeitzt d&#8217;Musek an zum. Wa w\u00e9i fond weisen, fu w\u00e9i Welt [&hellip;]<\/p>\n","protected":false},"author":1,"featured_media":0,"parent":25,"menu_order":0,"comment_status":"closed","ping_status":"closed","template":"","meta":{"spay_email":"","_links_to":"","_links_to_target":""},"jetpack_sharing_enabled":true,"jetpack_shortlink":"https:\/\/wp.me\/P70taa-r","_links":{"self":[{"href":"https:\/\/www.chaosbunker.de\/test\/index.php?rest_route=\/wp\/v2\/pages\/27"}],"collection":[{"href":"https:\/\/www.chaosbunker.de\/test\/index.php?rest_route=\/wp\/v2\/pages"}],"about":[{"href":"https:\/\/www.chaosbunker.de\/test\/index.php?rest_route=\/wp\/v2\/types\/page"}],"author":[{"embeddable":true,"href":"https:\/\/www.chaosbunker.de\/test\/index.php?rest_route=\/wp\/v2\/users\/1"}],"replies":[{"embeddable":true,"href":"https:\/\/www.chaosbunker.de\/test\/index.php?rest_route=%2Fwp%2Fv2%2Fcomments&post=27"}],"version-history":[{"count":1,"href":"https:\/\/www.chaosbunker.de\/test\/index.php?rest_route=\/wp\/v2\/pages\/27\/revisions"}],"predecessor-version":[{"id":28,"href":"https:\/\/www.chaosbunker.de\/test\/index.php?rest_route=\/wp\/v2\/pages\/27\/revisions\/28"}],"up":[{"embeddable":true,"href":"https:\/\/www.chaosbunker.de\/test\/index.php?rest_route=\/wp\/v2\/pages\/25"}],"wp:attachment":[{"href":"https:\/\/www.chaosbunker.de\/test\/index.php?rest_route=%2Fwp%2Fv2%2Fmedia&parent=27"}],"curies":[{"name":"wp","href":"https:\/\/api.w.org\/{rel}","templated":true}]}}